{"id":48,"date":"2020-09-07T08:11:56","date_gmt":"2020-09-07T08:11:56","guid":{"rendered":"http:\/\/tecnicodeheladerasenlaplata.com.ar\/web\/?page_id=48"},"modified":"2024-05-28T16:57:02","modified_gmt":"2024-05-28T16:57:02","slug":"no-frost-inverter","status":"publish","type":"page","link":"https:\/\/tecnicodeheladerasenlaplata.com.ar\/web\/index.php\/no-frost-inverter\/","title":{"rendered":"No Frost \/ Inverter"},"content":{"rendered":"\n<p class=\"wp-block-paragraph\"><\/p>\n\n\n\n<p class=\"wp-block-paragraph\">Especialistas en Sistema \u201cNo Frost\u201d y Tecnolog\u00eda Inverter. \u00a0<\/p>\n\n\n\n<figure class=\"wp-block-gallery has-nested-images columns-default is-cropped wp-block-gallery-1 is-layout-flex wp-block-gallery-is-layout-flex\">\n<figure class=\"wp-block-image size-large\"><img loading=\"lazy\" decoding=\"async\" width=\"249\" height=\"190\" data-id=\"108\" src=\"https:\/\/tecnicodeheladerasenlaplata.com.ar\/web\/wp-content\/uploads\/2020\/09\/inverter-1.jpg\" alt=\"\" class=\"wp-image-108\" srcset=\"https:\/\/tecnicodeheladerasenlaplata.com.ar\/web\/wp-content\/uploads\/2020\/09\/inverter-1.jpg 249w, https:\/\/tecnicodeheladerasenlaplata.com.ar\/web\/wp-content\/uploads\/2020\/09\/inverter-1-200x153.jpg 200w\" sizes=\"auto, (max-width: 249px) 100vw, 249px\" \/><\/figure>\n\n\n\n<figure class=\"wp-block-image size-large\"><img loading=\"lazy\" decoding=\"async\" width=\"640\" height=\"380\" data-id=\"51\" src=\"https:\/\/tecnicodeheladerasenlaplata.com.ar\/web\/wp-content\/uploads\/2020\/09\/que-es-el-sistema-no-frost.jpg\" alt=\"\" class=\"wp-image-51\" srcset=\"https:\/\/tecnicodeheladerasenlaplata.com.ar\/web\/wp-content\/uploads\/2020\/09\/que-es-el-sistema-no-frost.jpg 640w, https:\/\/tecnicodeheladerasenlaplata.com.ar\/web\/wp-content\/uploads\/2020\/09\/que-es-el-sistema-no-frost-300x178.jpg 300w\" sizes=\"auto, (max-width: 640px) 100vw, 640px\" \/><\/figure>\n<\/figure>\n\n\n\n<p class=\"wp-block-paragraph\">Nos especializamos en la soluci\u00f3n de heladeras No Frost, y de equipos con tecnolog\u00eda de \u00faltima generaci\u00f3n como son las heladeras \u201cINVERTER\u201d. Para ello realizamos una capacitaci\u00f3n y actualizaci\u00f3n constante, y disponemos de las herramientas necesarias para el diagn\u00f3stico certero y la soluci\u00f3n definitiva del equipo.&nbsp;<br>Estos tipos de refrigeradores cuentan con placas el\u00e9ctronicas, placas de potencia, sensores de temperatura, sensores de descongelamiento, fusibles t\u00e9rmicos, resistencias de descongelamiento, etc., que requieren un exhaustivo control, y un per\u00edodo de observaci\u00f3n post-reparaci\u00f3n con evaluaciones de temperaturas alcanzadas, detalle de descongelamientos realizados, los cuales deben ser parejos en duraci\u00f3n y alcance. Las fallas originadas en estos electrodom\u00e9sticos pueden ser recurrentes y presentarse incluso en un largo per\u00edodo luego de su reparaci\u00f3n. Para garantizar la efectividad del trabajo realizado, nuestro taller cuenta con:<br>&#8211; Registradores de temperatura constante con documentaci\u00f3n gr\u00e1fica entregada al cliente.<br>&#8211; C\u00e1maras endosc\u00f3picas para ductos de ventilaci\u00f3n y circuito no frost.<br>&#8211; Generadores de frecuencia para motores inverter.<br>&#8211; Generadores de resistencia y voltaje.<br>&#8211; Probador de placas electr\u00f3nicas tradicionales o de tecnolog\u00eda inverter.<br>&#8211; Testers, capac\u00edmetros, detectores de voltaje, etc.<br><\/p>\n","protected":false},"excerpt":{"rendered":"<p>Especialistas en Sistema \u201cNo Frost\u201d y Tecnolog\u00eda Inverter. \u00a0 Nos especializamos en la soluci\u00f3n de heladeras No Frost, y de equipos con tecnolog\u00eda de \u00faltima generaci\u00f3n como son las heladeras \u201cINVERTER\u201d. Para ello realizamos una capacitaci\u00f3n y actualizaci\u00f3n constante, y disponemos de las herramientas necesarias para el diagn\u00f3stico certero y la soluci\u00f3n definitiva del equipo.&nbsp;Estos &hellip; <\/p>\n<p class=\"link-more\"><a href=\"https:\/\/tecnicodeheladerasenlaplata.com.ar\/web\/index.php\/no-frost-inverter\/\" class=\"more-link\">Continue reading<span class=\"screen-reader-text\"> &#8220;No Frost \/ Inverter&#8221;<\/span><\/a><\/p>\n","protected":false},"author":1,"featured_media":0,"parent":0,"menu_order":0,"comment_status":"closed","ping_status":"closed","template":"","meta":{"_crdt_document":"","footnotes":""},"class_list":["post-48","page","type-page","status-publish","hentry"],"_links":{"self":[{"href":"https:\/\/tecnicodeheladerasenlaplata.com.ar\/web\/index.php\/wp-json\/wp\/v2\/pages\/48","targetHints":{"allow":["GET"]}}],"collection":[{"href":"https:\/\/tecnicodeheladerasenlaplata.com.ar\/web\/index.php\/wp-json\/wp\/v2\/pages"}],"about":[{"href":"https:\/\/tecnicodeheladerasenlaplata.com.ar\/web\/index.php\/wp-json\/wp\/v2\/types\/page"}],"author":[{"embeddable":true,"href":"https:\/\/tecnicodeheladerasenlaplata.com.ar\/web\/index.php\/wp-json\/wp\/v2\/users\/1"}],"replies":[{"embeddable":true,"href":"https:\/\/tecnicodeheladerasenlaplata.com.ar\/web\/index.php\/wp-json\/wp\/v2\/comments?post=48"}],"version-history":[{"count":6,"href":"https:\/\/tecnicodeheladerasenlaplata.com.ar\/web\/index.php\/wp-json\/wp\/v2\/pages\/48\/revisions"}],"predecessor-version":[{"id":166,"href":"https:\/\/tecnicodeheladerasenlaplata.com.ar\/web\/index.php\/wp-json\/wp\/v2\/pages\/48\/revisions\/166"}],"wp:attachment":[{"href":"https:\/\/tecnicodeheladerasenlaplata.com.ar\/web\/index.php\/wp-json\/wp\/v2\/media?parent=48"}],"curies":[{"name":"wp","href":"https:\/\/api.w.org\/{rel}","templated":true}]}}