{"id":111,"date":"2020-09-23T07:22:39","date_gmt":"2020-09-23T07:22:39","guid":{"rendered":"http:\/\/tecnicodeheladerasenlaplata.com.ar\/web\/?page_id=111"},"modified":"2020-09-23T07:23:55","modified_gmt":"2020-09-23T07:23:55","slug":"equipos-comerciales","status":"publish","type":"page","link":"https:\/\/tecnicodeheladerasenlaplata.com.ar\/web\/index.php\/equipos-comerciales\/","title":{"rendered":"Equipos comerciales"},"content":{"rendered":"\n<figure class=\"wp-block-image size-large is-resized\"><img loading=\"lazy\" decoding=\"async\" src=\"https:\/\/tecnicodeheladerasenlaplata.com.ar\/web\/wp-content\/uploads\/2020\/09\/camara-frigorifica.jpg\" alt=\"\" class=\"wp-image-112\" width=\"427\" height=\"378\" srcset=\"https:\/\/tecnicodeheladerasenlaplata.com.ar\/web\/wp-content\/uploads\/2020\/09\/camara-frigorifica.jpg 850w, https:\/\/tecnicodeheladerasenlaplata.com.ar\/web\/wp-content\/uploads\/2020\/09\/camara-frigorifica-300x265.jpg 300w, https:\/\/tecnicodeheladerasenlaplata.com.ar\/web\/wp-content\/uploads\/2020\/09\/camara-frigorifica-768x679.jpg 768w, https:\/\/tecnicodeheladerasenlaplata.com.ar\/web\/wp-content\/uploads\/2020\/09\/camara-frigorifica-200x177.jpg 200w\" sizes=\"auto, (max-width: 427px) 100vw, 427px\" \/><\/figure>\n\n\n\n<p class=\"wp-block-paragraph\">Equipos comerciales \u2013 Heladeras comerciales, exhibidoras, c\u00e1maras frigor\u00edficas.<br><br>Atenci\u00f3n de todo tipo de comercios realizando mantenimiento preventivo o reparaciones como recargas de gas refrigerante, cambios de motor, cambios de forzadores o ventiladores, cambio de termostato, etc.<br><\/p>\n","protected":false},"excerpt":{"rendered":"<p>Equipos comerciales \u2013 Heladeras comerciales, exhibidoras, c\u00e1maras frigor\u00edficas. Atenci\u00f3n de todo tipo de comercios realizando mantenimiento preventivo o reparaciones como recargas de gas refrigerante, cambios de motor, cambios de forzadores o ventiladores, cambio de termostato, etc.<\/p>\n","protected":false},"author":1,"featured_media":0,"parent":0,"menu_order":0,"comment_status":"closed","ping_status":"closed","template":"","meta":{"_crdt_document":"","footnotes":""},"class_list":["post-111","page","type-page","status-publish","hentry"],"_links":{"self":[{"href":"https:\/\/tecnicodeheladerasenlaplata.com.ar\/web\/index.php\/wp-json\/wp\/v2\/pages\/111","targetHints":{"allow":["GET"]}}],"collection":[{"href":"https:\/\/tecnicodeheladerasenlaplata.com.ar\/web\/index.php\/wp-json\/wp\/v2\/pages"}],"about":[{"href":"https:\/\/tecnicodeheladerasenlaplata.com.ar\/web\/index.php\/wp-json\/wp\/v2\/types\/page"}],"author":[{"embeddable":true,"href":"https:\/\/tecnicodeheladerasenlaplata.com.ar\/web\/index.php\/wp-json\/wp\/v2\/users\/1"}],"replies":[{"embeddable":true,"href":"https:\/\/tecnicodeheladerasenlaplata.com.ar\/web\/index.php\/wp-json\/wp\/v2\/comments?post=111"}],"version-history":[{"count":2,"href":"https:\/\/tecnicodeheladerasenlaplata.com.ar\/web\/index.php\/wp-json\/wp\/v2\/pages\/111\/revisions"}],"predecessor-version":[{"id":115,"href":"https:\/\/tecnicodeheladerasenlaplata.com.ar\/web\/index.php\/wp-json\/wp\/v2\/pages\/111\/revisions\/115"}],"wp:attachment":[{"href":"https:\/\/tecnicodeheladerasenlaplata.com.ar\/web\/index.php\/wp-json\/wp\/v2\/media?parent=111"}],"curies":[{"name":"wp","href":"https:\/\/api.w.org\/{rel}","templated":true}]}}